{"id":20,"date":"2017-01-01T14:00:20","date_gmt":"2017-01-01T14:00:20","guid":{"rendered":"http:\/\/net-pc2.home.pl\/autoinstalator\/wordpress\/?page_id=20"},"modified":"2017-01-01T14:00:27","modified_gmt":"2017-01-01T14:00:27","slug":"kariera","status":"publish","type":"page","link":"https:\/\/net-pc2.home.pl\/autoinstalator\/wordpress\/kariera\/","title":{"rendered":"Kariera"},"content":{"rendered":"<p>Jednym z najwa\u017cniejszych element\u00f3w sk\u0142adowych naszego sukcesu s\u0105 wspaniali ludzie. Zajmujemy si\u0119 pozyskiwaniem i sta\u0142\u0105 wsp\u00f3\u0142prac\u0105 z wyj\u0105tkowymi pracownikami. R\u00f3\u017cnorodno\u015b\u0107 inicjatyw i program\u00f3w oferuje naszym wsp\u00f3\u0142pracownikom mo\u017cliwo\u015bci rozwoju ich karier, jak r\u00f3wnie\u017c perspektyw\u0119 nagrodzenia i doceniania ich wysi\u0142k\u00f3w.<\/p>\n<p>Aktualnie prowadzimy rekrutacj\u0119 na stanowiska:<\/p>\n<p>&#8211; handlowiec<\/p>\n","protected":false},"excerpt":{"rendered":"<p>Jednym z najwa\u017cniejszych element\u00f3w sk\u0142adowych naszego sukcesu s\u0105 wspaniali ludzie. Zajmujemy si\u0119 pozyskiwaniem i sta\u0142\u0105 wsp\u00f3\u0142prac\u0105 z wyj\u0105tkowymi pracownikami. R\u00f3\u017cnorodno\u015b\u0107 inicjatyw i program\u00f3w oferuje naszym wsp\u00f3\u0142pracownikom mo\u017cliwo\u015bci rozwoju ich karier, jak r\u00f3wnie\u017c perspektyw\u0119 nagrodzenia i doceniania ich wysi\u0142k\u00f3w. Aktualnie prowadzimy rekrutacj\u0119 na stanowiska: &#8211; handlowiec<\/p>\n","protected":false},"author":2,"featured_media":0,"parent":0,"menu_order":0,"comment_status":"closed","ping_status":"closed","template":"","meta":{"footnotes":""},"class_list":["post-20","page","type-page","status-publish","hentry"],"_links":{"self":[{"href":"https:\/\/net-pc2.home.pl\/autoinstalator\/wordpress\/wp-json\/wp\/v2\/pages\/20","targetHints":{"allow":["GET"]}}],"collection":[{"href":"https:\/\/net-pc2.home.pl\/autoinstalator\/wordpress\/wp-json\/wp\/v2\/pages"}],"about":[{"href":"https:\/\/net-pc2.home.pl\/autoinstalator\/wordpress\/wp-json\/wp\/v2\/types\/page"}],"author":[{"embeddable":true,"href":"https:\/\/net-pc2.home.pl\/autoinstalator\/wordpress\/wp-json\/wp\/v2\/users\/2"}],"replies":[{"embeddable":true,"href":"https:\/\/net-pc2.home.pl\/autoinstalator\/wordpress\/wp-json\/wp\/v2\/comments?post=20"}],"version-history":[{"count":1,"href":"https:\/\/net-pc2.home.pl\/autoinstalator\/wordpress\/wp-json\/wp\/v2\/pages\/20\/revisions"}],"predecessor-version":[{"id":21,"href":"https:\/\/net-pc2.home.pl\/autoinstalator\/wordpress\/wp-json\/wp\/v2\/pages\/20\/revisions\/21"}],"wp:attachment":[{"href":"https:\/\/net-pc2.home.pl\/autoinstalator\/wordpress\/wp-json\/wp\/v2\/media?parent=20"}],"curies":[{"name":"wp","href":"https:\/\/api.w.org\/{rel}","templated":true}]}}