{"id":2,"date":"2016-04-27T03:35:31","date_gmt":"2016-04-27T03:35:31","guid":{"rendered":"http:\/\/wp451m.a10-52-158-154.qa.plesk.ru\/wordpress\/?page_id=2"},"modified":"2024-04-01T20:46:20","modified_gmt":"2024-04-01T20:46:20","slug":"sample-page","status":"publish","type":"page","link":"https:\/\/net-pc2.home.pl\/autoinstalator\/wordpress\/","title":{"rendered":"O Nas"},"content":{"rendered":"<p style=\"text-align: left;\">Celem APJ.NET Sp. z o.o. jest dostarczanie najwy\u017cszej jako\u015bci\u00a0 produkt\u00f3w i us\u0142ug informatycznych, konsultingowych, dla firm<br \/>\noraz klient\u00f3w indywidualnych. Doradzamy naszym klientom<br \/>\njak przy minimalnych nak\u0142adach finansowych osi\u0105gn\u0105\u0107 cele biznesowe, wykorzystuj\u0105c do tego najnowocze\u015bniejsze<br \/>\nrozwi\u0105zania IT. Wyr\u00f3\u017cnia nas indywidualne podej\u015bcie do<br \/>\nklienta wraz z zapewnieniem kompleksowej obs\u0142ugi.<br \/>\nFirma APJ.NET \u00a0Sp. z o.o. \u00a0dzia\u0142a r\u00f3wnie\u017c na rynku rozwi\u0105za\u0144 edukacyjnych. W ofercie posiadamy rozwi\u0105zania dedykowane<br \/>\ndla uczelni oraz\u00a0 szk\u00f3\u0142 podstawowych, gimnazjalnych, ponadgimnazjalnych.<\/p>\n","protected":false},"excerpt":{"rendered":"<p>Celem APJ.NET Sp. z o.o. jest dostarczanie najwy\u017cszej jako\u015bci\u00a0 produkt\u00f3w i us\u0142ug informatycznych, konsultingowych, dla firm oraz klient\u00f3w indywidualnych. Doradzamy naszym klientom jak przy minimalnych nak\u0142adach finansowych osi\u0105gn\u0105\u0107 cele biznesowe, wykorzystuj\u0105c do tego najnowocze\u015bniejsze rozwi\u0105zania IT. Wyr\u00f3\u017cnia nas indywidualne podej\u015bcie do klienta wraz z zapewnieniem kompleksowej obs\u0142ugi. Firma APJ.NET \u00a0Sp. z o.o. \u00a0dzia\u0142a r\u00f3wnie\u017c na &hellip; <a href=\"https:\/\/net-pc2.home.pl\/autoinstalator\/wordpress\/\" class=\"more-link\">Czytaj dalej <span class=\"screen-reader-text\">O Nas<\/span> <span class=\"meta-nav\">&rarr;<\/span><\/a><\/p>\n","protected":false},"author":2,"featured_media":0,"parent":0,"menu_order":0,"comment_status":"closed","ping_status":"open","template":"","meta":{"footnotes":""},"class_list":["post-2","page","type-page","status-publish","hentry"],"_links":{"self":[{"href":"https:\/\/net-pc2.home.pl\/autoinstalator\/wordpress\/wp-json\/wp\/v2\/pages\/2","targetHints":{"allow":["GET"]}}],"collection":[{"href":"https:\/\/net-pc2.home.pl\/autoinstalator\/wordpress\/wp-json\/wp\/v2\/pages"}],"about":[{"href":"https:\/\/net-pc2.home.pl\/autoinstalator\/wordpress\/wp-json\/wp\/v2\/types\/page"}],"author":[{"embeddable":true,"href":"https:\/\/net-pc2.home.pl\/autoinstalator\/wordpress\/wp-json\/wp\/v2\/users\/2"}],"replies":[{"embeddable":true,"href":"https:\/\/net-pc2.home.pl\/autoinstalator\/wordpress\/wp-json\/wp\/v2\/comments?post=2"}],"version-history":[{"count":6,"href":"https:\/\/net-pc2.home.pl\/autoinstalator\/wordpress\/wp-json\/wp\/v2\/pages\/2\/revisions"}],"predecessor-version":[{"id":72,"href":"https:\/\/net-pc2.home.pl\/autoinstalator\/wordpress\/wp-json\/wp\/v2\/pages\/2\/revisions\/72"}],"wp:attachment":[{"href":"https:\/\/net-pc2.home.pl\/autoinstalator\/wordpress\/wp-json\/wp\/v2\/media?parent=2"}],"curies":[{"name":"wp","href":"https:\/\/api.w.org\/{rel}","templated":true}]}}